{"id":347,"date":"2025-04-18T14:32:07","date_gmt":"2025-04-18T12:32:07","guid":{"rendered":"https:\/\/chronosmotorsport.com\/?page_id=347"},"modified":"2025-04-18T14:32:07","modified_gmt":"2025-04-18T12:32:07","slug":"noticias","status":"publish","type":"page","link":"https:\/\/chronos.desafioweb.com\/index.php\/noticias\/","title":{"rendered":"Noticias"},"content":{"rendered":"\n<div class=\"wp-block-group alignfull is-content-justification-center is-layout-constrained wp-block-group-is-layout-constrained\" style=\"margin-top:0;margin-bottom:0;padding-top:var(--wp--preset--spacing--40);padding-bottom:var(--wp--preset--spacing--40)\">\n<div class=\"wp-block-columns alignwide is-layout-flex wp-container-core-columns-is-layout-30cd009e wp-block-columns-is-layout-flex\">\n<div class=\"wp-block-column is-vertically-aligned-center is-content-justification-left is-layout-constrained wp-container-core-column-is-layout-614074b5 wp-block-column-is-layout-constrained\">\n<h3 class=\"wp-block-heading\">T\u00fanel de viento<\/h3>\n\n\n\n<p class=\"has-text-align-justify\">En <strong>Chronos Motorsport<\/strong> seguimos apostando por la innovaci\u00f3n y el desarrollo t\u00e9cnico. Por eso, estamos orgullosos de presentar uno de nuestros logros m\u00e1s importantes hasta ahora: <strong>nuestro propio t\u00fanel de viento funcional<\/strong>, dise\u00f1ado y construido por el equipo.<\/p>\n\n\n\n<p class=\"has-text-align-justify\">Este proyecto nos permite analizar el comportamiento aerodin\u00e1mico de nuestros dise\u00f1os en tiempo real, ajustando formas y detalles para mejorar el rendimiento del coche antes de pasar a la fabricaci\u00f3n. Gracias al t\u00fanel, damos un paso m\u00e1s all\u00e1 del dise\u00f1o digital: ahora <strong>podemos ver y medir c\u00f3mo el aire se comporta realmente sobre nuestros modelos<\/strong>.<\/p>\n\n\n\n<p class=\"has-text-align-justify\">No solo es una herramienta, es un reflejo de nuestro compromiso con la ingenier\u00eda, la mejora continua y el aprendizaje activo. Cada prueba en el t\u00fanel nos acerca a un coche m\u00e1s r\u00e1pido, m\u00e1s estable y m\u00e1s competitivo.<\/p>\n\n\n<div class=\"wp-block-post-date\"><time datetime=\"2025-04-18T14:32:07+00:00\">18 de abril de 2025<\/time><\/div><\/div>\n\n\n\n<div class=\"wp-block-column is-vertically-aligned-bottom is-layout-flow wp-block-column-is-layout-flow\">\n<div class=\"wp-block-jetpack-slideshow aligncenter\" data-effect=\"slide\"><div class=\"wp-block-jetpack-slideshow_container swiper-container\"><ul class=\"wp-block-jetpack-slideshow_swiper-wrapper swiper-wrapper\"><li class=\"wp-block-jetpack-slideshow_slide swiper-slide\"><figure><img decoding=\"async\" alt=\"\" class=\"wp-block-jetpack-slideshow_image wp-image-333\" data-id=\"333\" src=\"https:\/\/chronosmotorsportcom.wordpress.com\/wp-content\/uploads\/2025\/04\/pxl_20250411_125411456.long_exposure-01.cover-1.jpg\" \/><\/figure><\/li><li class=\"wp-block-jetpack-slideshow_slide swiper-slide\"><figure><img decoding=\"async\" alt=\"\" class=\"wp-block-jetpack-slideshow_image wp-image-334\" data-id=\"334\" src=\"https:\/\/chronosmotorsportcom.wordpress.com\/wp-content\/uploads\/2025\/04\/pxl_20250411_125414083.long_exposure-01.cover_.jpg\" \/><\/figure><\/li><li class=\"wp-block-jetpack-slideshow_slide swiper-slide\"><figure><img decoding=\"async\" alt=\"\" class=\"wp-block-jetpack-slideshow_image wp-image-335\" data-id=\"335\" src=\"https:\/\/chronosmotorsportcom.wordpress.com\/wp-content\/uploads\/2025\/04\/pxl_20250411_125437850.long_exposure-01.cover_.jpg\" \/><\/figure><\/li><\/ul><a class=\"wp-block-jetpack-slideshow_button-prev swiper-button-prev swiper-button-white\" role=\"button\"><\/a><a class=\"wp-block-jetpack-slideshow_button-next swiper-button-next swiper-button-white\" role=\"button\"><\/a><a aria-label=\"Pause Slideshow\" class=\"wp-block-jetpack-slideshow_button-pause\" role=\"button\"><\/a><div class=\"wp-block-jetpack-slideshow_pagination swiper-pagination swiper-pagination-white\"><\/div><\/div><\/div>\n<\/div>\n<\/div>\n<\/div>\n\n\n\n<div style=\"height:100px\" aria-hidden=\"true\" class=\"wp-block-spacer\"><\/div>\n\n\n\n<h3 class=\"wp-block-heading\">Feria de Madrid<\/h3>\n\n\n\n<div class=\"wp-block-group alignfull is-content-justification-center is-layout-constrained wp-block-group-is-layout-constrained\" style=\"margin-top:0;margin-bottom:0;padding-top:var(--wp--preset--spacing--40);padding-bottom:var(--wp--preset--spacing--40)\">\n<div class=\"wp-block-columns alignwide is-layout-flex wp-container-core-columns-is-layout-30cd009e wp-block-columns-is-layout-flex\">\n<div class=\"wp-block-column is-vertically-aligned-bottom is-layout-flow wp-block-column-is-layout-flow\">\n<figure class=\"wp-block-image size-full\"><img decoding=\"async\" src=\"https:\/\/chronosmotorsportcom.wordpress.com\/wp-content\/uploads\/2025\/04\/madrid-es-ciencia.jpg\" alt=\"\" class=\"wp-image-339\" style=\"object-fit:cover\" \/><\/figure>\n<\/div>\n\n\n\n<div class=\"wp-block-column is-vertically-aligned-center is-content-justification-left is-layout-constrained wp-container-core-column-is-layout-614074b5 wp-block-column-is-layout-constrained\">\n<p class=\"has-text-align-justify has-small-font-size\">Este pasado fin de semana parte de nuestra crew ha participado en la <strong>XIV Feria Madrid es Ciencia 2025<\/strong>, quedando en el <strong>tercer puesto de toda la Comunidad de Madrid<\/strong>. Han defendido un trabajo de investigaci\u00f3n sobre el impacto del <strong>aler\u00f3n delantero de un monoplaza de F\u00f3rmula 1<\/strong> en la aerodin\u00e1mica del mismo, con gran impacto y relevancia en nuestra escuder\u00eda. El art\u00edculo ser\u00e1 publicado en 2 prestigiosas revistas cient\u00edficas.<\/p>\n\n\n<div class=\"wp-block-post-date\"><time datetime=\"2025-04-18T14:32:07+00:00\">18 de abril de 2025<\/time><\/div><\/div>\n\n\n\n<div class=\"wp-block-column is-vertically-aligned-center is-content-justification-left is-layout-constrained wp-container-core-column-is-layout-614074b5 wp-block-column-is-layout-constrained\">\n<figure class=\"wp-block-video wp-block-embed is-type-video is-provider-videopress\"><div class=\"wp-block-embed__wrapper\">\n<iframe title=\"VideoPress Video Player\" aria-label='VideoPress Video Player' width='500' height='493' src='https:\/\/video.wordpress.com\/embed\/Jt0TxtHw?cover=1&amp;preloadContent=metadata&amp;useAverageColor=1&amp;hd=0' frameborder='0' allowfullscreen data-resize-to-parent=\"true\" allow='clipboard-write'><\/iframe><script src='https:\/\/v0.wordpress.com\/js\/next\/videopress-iframe.js?m=1739540970'><\/script>\n<\/div><\/figure>\n<\/div>\n<\/div>\n<\/div>\n","protected":false},"excerpt":{"rendered":"<p>T\u00fanel de viento En Chronos Motorsport seguimos apostando por la innovaci\u00f3n y el desarrollo t\u00e9cnico. Por eso, estamos orgullosos de presentar uno de nuestros logros m\u00e1s importantes hasta ahora: nuestro propio t\u00fanel de viento funcional, dise\u00f1ado y construido por el equipo. Este proyecto nos permite analizar el comportamiento aerodin\u00e1mico de nuestros dise\u00f1os en tiempo real, [&hellip;]<\/p>\n","protected":false},"author":2,"featured_media":0,"parent":0,"menu_order":0,"comment_status":"open","ping_status":"closed","template":"","meta":{"footnotes":""},"class_list":["post-347","page","type-page","status-publish","hentry"],"_links":{"self":[{"href":"https:\/\/chronos.desafioweb.com\/index.php\/wp-json\/wp\/v2\/pages\/347","targetHints":{"allow":["GET"]}}],"collection":[{"href":"https:\/\/chronos.desafioweb.com\/index.php\/wp-json\/wp\/v2\/pages"}],"about":[{"href":"https:\/\/chronos.desafioweb.com\/index.php\/wp-json\/wp\/v2\/types\/page"}],"author":[{"embeddable":true,"href":"https:\/\/chronos.desafioweb.com\/index.php\/wp-json\/wp\/v2\/users\/2"}],"replies":[{"embeddable":true,"href":"https:\/\/chronos.desafioweb.com\/index.php\/wp-json\/wp\/v2\/comments?post=347"}],"version-history":[{"count":0,"href":"https:\/\/chronos.desafioweb.com\/index.php\/wp-json\/wp\/v2\/pages\/347\/revisions"}],"wp:attachment":[{"href":"https:\/\/chronos.desafioweb.com\/index.php\/wp-json\/wp\/v2\/media?parent=347"}],"curies":[{"name":"wp","href":"https:\/\/api.w.org\/{rel}","templated":true}]}}